{"id":95,"date":"2018-10-15T18:01:28","date_gmt":"2018-10-15T16:01:28","guid":{"rendered":"http:\/\/dr-jacoby.de\/wordpress\/?page_id=95"},"modified":"2019-09-06T21:48:43","modified_gmt":"2019-09-06T19:48:43","slug":"kontakt-impressum","status":"publish","type":"page","link":"https:\/\/dr-jacoby.de\/wordpress\/kontakt-impressum\/","title":{"rendered":"Kontakt"},"content":{"rendered":"<p>[vc_row full_width=&#8220;stretch_row&#8220;][vc_column][vc_single_image image=&#8220;489&#8243; img_size=&#8220;full&#8220;][\/vc_column][\/vc_row][vc_row full_width=&#8220;stretch_row&#8220;][vc_column width=&#8220;2\/3&#8243;][vc_column_text]<\/p>\n<h1>Kontakt<\/h1>\n<p>[\/vc_column_text][vc_column_text]Sie m\u00f6chten einen Termin vereinbaren, haben Fragen, W\u00fcnsche, Anregungen? Dann rufen Sie uns an oder schreiben Sie uns \u00fcber das unten stehende Kontaktformular. Wir werden Ihr Anliegen schnellstm\u00f6glich beantworten.<\/p>\n<p>Sollten Sie einen Termin nicht wahrnehmen k\u00f6nnen, sagen Sie diesen bitte ab. Nur so ist es uns m\u00f6glich, einen reibungslosen Praxisbetrieb ohne lange Wartezeiten f\u00fcr unsere Patienten gew\u00e4hrleisten zu k\u00f6nnen. Vielen Dank.[\/vc_column_text][vc_column_text]\n<div class=\"wpcf7 no-js\" id=\"wpcf7-f6-o1\" lang=\"de-DE\" dir=\"ltr\" data-wpcf7-id=\"6\">\n<div class=\"screen-reader-response\"><p role=\"status\" aria-live=\"polite\" aria-atomic=\"true\"><\/p> <ul><\/ul><\/div>\n<form action=\"\/wordpress\/wp-json\/wp\/v2\/pages\/95#wpcf7-f6-o1\" method=\"post\" class=\"wpcf7-form init\" aria-label=\"Kontaktformular\" novalidate=\"novalidate\" data-status=\"init\">\n<fieldset class=\"hidden-fields-container\"><input type=\"hidden\" name=\"_wpcf7\" value=\"6\" \/><input type=\"hidden\" name=\"_wpcf7_version\" value=\"6.1.4\" \/><input type=\"hidden\" name=\"_wpcf7_locale\" value=\"de_DE\" \/><input type=\"hidden\" name=\"_wpcf7_unit_tag\" value=\"wpcf7-f6-o1\" \/><input type=\"hidden\" name=\"_wpcf7_container_post\" value=\"0\" \/><input type=\"hidden\" name=\"_wpcf7_posted_data_hash\" value=\"\" \/>\n<\/fieldset>\n<div class=\"wps-form\">\n\t<div class=\"wps-form-row\">\n\t\t<div class=\"wps-form-column\">\n\t\t\t<p><span class=\"wpcf7-form-control-wrap\" data-name=\"your-anrede\"><input size=\"40\" maxlength=\"400\" class=\"wpcf7-form-control wpcf7-text wpcf7-validates-as-required\" aria-required=\"true\" aria-invalid=\"false\" placeholder=\"Anrede\" value=\"\" type=\"text\" name=\"your-anrede\" \/><\/span>\n\t\t\t<\/p>\n\t\t<\/div>\n\t<\/div>\n\t<div class=\"wps-form-row\">\n\t\t<div class=\"wps-form-column\">\n\t\t\t<p><span class=\"wpcf7-form-control-wrap\" data-name=\"your-sur-name\"><input size=\"40\" maxlength=\"400\" class=\"wpcf7-form-control wpcf7-text wpcf7-validates-as-required\" aria-required=\"true\" aria-invalid=\"false\" placeholder=\"Vorname*\" value=\"\" type=\"text\" name=\"your-sur-name\" \/><\/span>\n\t\t\t<\/p>\n\t\t<\/div>\n\t\t<div class=\"wps-form-column\">\n\t\t\t<p><span class=\"wpcf7-form-control-wrap\" data-name=\"your-name\"><input size=\"40\" maxlength=\"400\" class=\"wpcf7-form-control wpcf7-text wpcf7-validates-as-required\" aria-required=\"true\" aria-invalid=\"false\" placeholder=\"Name*\" value=\"\" type=\"text\" name=\"your-name\" \/><\/span>\n\t\t\t<\/p>\n\t\t<\/div>\n\t<\/div>\n\t<div class=\"wps-form-row\">\n\t\t<div class=\"wps-form-column\">\n\t\t\t<p><span class=\"wpcf7-form-control-wrap\" data-name=\"your-email\"><input size=\"40\" maxlength=\"400\" class=\"wpcf7-form-control wpcf7-email wpcf7-validates-as-required wpcf7-text wpcf7-validates-as-email\" aria-required=\"true\" aria-invalid=\"false\" placeholder=\"Email-Adresse*\" value=\"\" type=\"email\" name=\"your-email\" \/><\/span>\n\t\t\t<\/p>\n\t\t<\/div>\n\t\t<div class=\"wps-form-column\">\n\t\t\t<p><span class=\"wpcf7-form-control-wrap\" data-name=\"your-phone\"><input size=\"40\" maxlength=\"400\" class=\"wpcf7-form-control wpcf7-tel wpcf7-validates-as-required wpcf7-text wpcf7-validates-as-tel\" aria-required=\"true\" aria-invalid=\"false\" placeholder=\"Telefonnummer*\" value=\"\" type=\"tel\" name=\"your-phone\" \/><\/span>\n\t\t\t<\/p>\n\t\t<\/div>\n\t<\/div>\n\t<div class=\"wps-form-row\">\n\t\t<div class=\"wps-form-column\">\n\t\t\t<p><span class=\"wpcf7-form-control-wrap\" data-name=\"your-message\"><textarea cols=\"40\" rows=\"10\" maxlength=\"2000\" class=\"wpcf7-form-control wpcf7-textarea\" aria-invalid=\"false\" placeholder=\"Ihre Anfrage\" name=\"your-message\"><\/textarea><\/span>\n\t\t\t<\/p>\n\t\t<\/div>\n\t\t<div class=\"wps-form-column\">\n\t\t<\/div>\n\t<\/div>\n\t<div class=\"wps-form-row\">\n\t\t<div class=\"wps-form-column\">\n\t\t\t<p><input class=\"wpcf7-form-control wpcf7-submit has-spinner\" type=\"submit\" value=\"Absenden\" \/>\n\t\t\t<\/p>\n\t\t<\/div>\n\t\t<div class=\"wps-form-column\">\n\t\t<\/div>\n\t<\/div>\n<\/div><p style=\"display: none !important;\" class=\"akismet-fields-container\" data-prefix=\"_wpcf7_ak_\"><label>&#916;<textarea name=\"_wpcf7_ak_hp_textarea\" cols=\"45\" rows=\"8\" maxlength=\"100\"><\/textarea><\/label><input type=\"hidden\" id=\"ak_js_1\" name=\"_wpcf7_ak_js\" value=\"221\"\/><script type=\"text\/javascript\">\n\/* <![CDATA[ *\/\ndocument.getElementById( \"ak_js_1\" ).setAttribute( \"value\", ( new Date() ).getTime() );\n\/* ]]> *\/\n<\/script>\n<\/p><div class=\"wpcf7-response-output\" aria-hidden=\"true\"><\/div>\n<\/form>\n<\/div>\n[\/vc_column_text][\/vc_column][vc_column width=&#8220;1\/3&#8243;][vc_column_text]<\/p>\n<h2>Impressum<strong><br \/>\n<\/strong><\/h2>\n<p>[\/vc_column_text][vc_column_text]<strong>Dr. med. dent. Heiner Jacoby<\/strong><\/p>\n<p>H\u00fcstener Markt 3<br \/>\n59759 Arnsberg<\/p>\n<p>Tel: 02932 \/ 32032<br \/>\nFax: 02932 \/ 39851<br \/>\nE-Mail:\u00a0<a href=\"mailto:praxis@dr-jacoby.de\">praxis(at)dr-jacoby.de<\/a><\/p>\n<p><strong>Zust\u00e4ndige Aufsichtsbeh\u00f6rde:<\/strong><\/p>\n<p>Zahn\u00e4rztekammer Westfalen-Lippe<br \/>\nAuf der Horst 29<br \/>\n48147 M\u00fcnster<\/p>\n<p>Berufsbezeichnung: Zahnarzt (verliehen in der Bundesrepublik Deutschland)<br \/>\nInhaltlich verantwortlich gem\u00e4\u00df \u00a710 Abs. 3 MDStV: Birgit Jacoby<\/p>\n<p><strong>Haftungshinweis:<\/strong><\/p>\n<p>Trotz sorgf\u00e4ltiger Kontrolle \u00fcbernehmen wir keine Haftung f\u00fcr die Inhalte externer Links. F\u00fcr den Inhalt der verlinkten Seiten sind ausschlie\u00dflich deren Betreiber verantwortlich.<\/p>\n<p>Website-Gestaltung:<br \/>\n<a href=\"http:\/\/www.michael-bergmann.com\/\" target=\"_blank\" rel=\"noopener\">Michael Bergmann<\/a>[\/vc_column_text][\/vc_column][\/vc_row]<\/p>\n","protected":false},"excerpt":{"rendered":"<p>[vc_row full_width=&#8220;stretch_row&#8220;][vc_column][vc_single_image image=&#8220;489&#8243; img_size=&#8220;full&#8220;][\/vc_column][\/vc_row][vc_row full_width=&#8220;stretch_row&#8220;][vc_column width=&#8220;2\/3&#8243;][vc_column_text] Kontakt [\/vc_column_text][vc_column_text]Sie m\u00f6chten einen Termin vereinbaren, haben Fragen, W\u00fcnsche, Anregungen? Dann rufen Sie uns an oder schreiben Sie uns&#8230;<\/p>\n<div class=\"more-link-wrapper\"><a class=\"more-link\" href=\"https:\/\/dr-jacoby.de\/wordpress\/kontakt-impressum\/\">Continue Reading<span class=\"screen-reader-text\">Kontakt<\/span><\/a><\/div>\n","protected":false},"author":1,"featured_media":0,"parent":0,"menu_order":0,"comment_status":"closed","ping_status":"closed","template":"","meta":{"footnotes":""},"class_list":["post-95","page","type-page","status-publish","hentry","entry"],"_links":{"self":[{"href":"https:\/\/dr-jacoby.de\/wordpress\/wp-json\/wp\/v2\/pages\/95","targetHints":{"allow":["GET"]}}],"collection":[{"href":"https:\/\/dr-jacoby.de\/wordpress\/wp-json\/wp\/v2\/pages"}],"about":[{"href":"https:\/\/dr-jacoby.de\/wordpress\/wp-json\/wp\/v2\/types\/page"}],"author":[{"embeddable":true,"href":"https:\/\/dr-jacoby.de\/wordpress\/wp-json\/wp\/v2\/users\/1"}],"replies":[{"embeddable":true,"href":"https:\/\/dr-jacoby.de\/wordpress\/wp-json\/wp\/v2\/comments?post=95"}],"version-history":[{"count":14,"href":"https:\/\/dr-jacoby.de\/wordpress\/wp-json\/wp\/v2\/pages\/95\/revisions"}],"predecessor-version":[{"id":509,"href":"https:\/\/dr-jacoby.de\/wordpress\/wp-json\/wp\/v2\/pages\/95\/revisions\/509"}],"wp:attachment":[{"href":"https:\/\/dr-jacoby.de\/wordpress\/wp-json\/wp\/v2\/media?parent=95"}],"curies":[{"name":"wp","href":"https:\/\/api.w.org\/{rel}","templated":true}]}}