{"id":92,"date":"2018-10-15T17:55:59","date_gmt":"2018-10-15T15:55:59","guid":{"rendered":"http:\/\/dr-jacoby.de\/wordpress\/?page_id=92"},"modified":"2019-09-06T21:49:41","modified_gmt":"2019-09-06T19:49:41","slug":"mitgliedschaften","status":"publish","type":"page","link":"https:\/\/dr-jacoby.de\/wordpress\/mitgliedschaften\/","title":{"rendered":"Mitgliedschaften"},"content":{"rendered":"<p>[vc_row full_width=&#8220;stretch_row&#8220;][vc_column][vc_single_image image=&#8220;491&#8243; img_size=&#8220;full&#8220;][\/vc_column][\/vc_row][vc_row full_width=&#8220;stretch_row&#8220;][vc_column width=&#8220;5\/6&#8243;][vc_column_text]<\/p>\n<h1>Mitgliedschaften<\/h1>\n<p>[\/vc_column_text][vc_column_text]Dr. Heiner Jacoby ist Mitglied in den folgenden Berufsorganisationen:<\/p>\n<ul>\n<li><a href=\"http:\/\/www.dzoi.de\/\" target=\"_blank\" rel=\"noopener\">Deutsches Zentrum f\u00fcr Orale Implantologie e. V. (DZOI)<\/a><br \/>\nLangj\u00e4hrige Vorstandsarbeit, ehem. Pr\u00e4sident &amp; Vizepr\u00e4sident<\/li>\n<\/ul>\n<ul>\n<li><a href=\"http:\/\/www.dgi-ev.de\/\" target=\"_blank\" rel=\"noopener\">Deutsche Gesellschaft f\u00fcr Implantologie im Zahn-, Mund- und Kieferbereich e.V. (DGI)<\/a><\/li>\n<\/ul>\n<ul>\n<li><a href=\"http:\/\/www.dgzi.de\/\" target=\"_blank\" rel=\"noopener\">Deutsche Gesellschaft f\u00fcr Zahn\u00e4rztliche Implantologie e. V. (DGZI)<\/a><\/li>\n<\/ul>\n<ul>\n<li><a href=\"http:\/\/www.bdiz.de\/\" target=\"_blank\" rel=\"noopener\">Bundesverband der implantologisch t\u00e4tigen Zahn\u00e4rzte in Europa e. V. (BDIZ)<\/a><br \/>\nGr\u00fcndungsmitglied<\/li>\n<\/ul>\n<ul>\n<li><a href=\"http:\/\/www.dgparo.de\/\" target=\"_blank\" rel=\"noopener\">Deutsche Gesellschaft f\u00fcr Parodontologie e.V. (DGP)<\/a><\/li>\n<\/ul>\n<p>Au\u00dferdem ist Dr. Jacoby Privatgutachter der Zahn\u00e4rztekammer Westfalen-Lippe.<\/p>\n<p><strong>Auf der H\u00f6he der Zeit<\/strong><\/p>\n<p>Im Fokus der oben genannten Verb\u00e4nde steht die Fortbildung der angeschlossenen Zahn\u00e4rzte und Implantologen. Das hei\u00dft: Wir ruhen uns nicht auf unserer fachlichen Qualifikation aus, sondern besuchen regelm\u00e4\u00dfig Tagungen, Kongresse und Schulungen. Wir sind stets offen f\u00fcr neue Behandlungsmethoden und -techniken. Sie k\u00f6nnen sich voll und ganz darauf verlassen, dass unser Know-how dem aktuellen Stand der Zahnmedizin entspricht \u2013 und ihm manchmal schon einen Schritt voraus ist.[\/vc_column_text][\/vc_column][vc_column width=&#8220;1\/6&#8243;][vc_empty_space][\/vc_column][\/vc_row]<\/p>\n","protected":false},"excerpt":{"rendered":"<p>[vc_row full_width=&#8220;stretch_row&#8220;][vc_column][vc_single_image image=&#8220;491&#8243; img_size=&#8220;full&#8220;][\/vc_column][\/vc_row][vc_row full_width=&#8220;stretch_row&#8220;][vc_column width=&#8220;5\/6&#8243;][vc_column_text] Mitgliedschaften [\/vc_column_text][vc_column_text]Dr. Heiner Jacoby ist Mitglied in den folgenden Berufsorganisationen: Deutsches Zentrum f\u00fcr Orale Implantologie e. V. (DZOI) Langj\u00e4hrige&#8230;<\/p>\n<div class=\"more-link-wrapper\"><a class=\"more-link\" href=\"https:\/\/dr-jacoby.de\/wordpress\/mitgliedschaften\/\">Continue Reading<span class=\"screen-reader-text\">Mitgliedschaften<\/span><\/a><\/div>\n","protected":false},"author":1,"featured_media":0,"parent":0,"menu_order":0,"comment_status":"closed","ping_status":"closed","template":"","meta":{"footnotes":""},"class_list":["post-92","page","type-page","status-publish","hentry","entry"],"_links":{"self":[{"href":"https:\/\/dr-jacoby.de\/wordpress\/wp-json\/wp\/v2\/pages\/92","targetHints":{"allow":["GET"]}}],"collection":[{"href":"https:\/\/dr-jacoby.de\/wordpress\/wp-json\/wp\/v2\/pages"}],"about":[{"href":"https:\/\/dr-jacoby.de\/wordpress\/wp-json\/wp\/v2\/types\/page"}],"author":[{"embeddable":true,"href":"https:\/\/dr-jacoby.de\/wordpress\/wp-json\/wp\/v2\/users\/1"}],"replies":[{"embeddable":true,"href":"https:\/\/dr-jacoby.de\/wordpress\/wp-json\/wp\/v2\/comments?post=92"}],"version-history":[{"count":12,"href":"https:\/\/dr-jacoby.de\/wordpress\/wp-json\/wp\/v2\/pages\/92\/revisions"}],"predecessor-version":[{"id":511,"href":"https:\/\/dr-jacoby.de\/wordpress\/wp-json\/wp\/v2\/pages\/92\/revisions\/511"}],"wp:attachment":[{"href":"https:\/\/dr-jacoby.de\/wordpress\/wp-json\/wp\/v2\/media?parent=92"}],"curies":[{"name":"wp","href":"https:\/\/api.w.org\/{rel}","templated":true}]}}