{"id":2,"date":"2018-10-15T14:54:48","date_gmt":"2018-10-15T12:54:48","guid":{"rendered":"http:\/\/wordpress.p139576.webspaceconfig.de"},"modified":"2026-04-27T22:10:48","modified_gmt":"2026-04-27T20:10:48","slug":"startseite","status":"publish","type":"page","link":"https:\/\/dr-jacoby.de\/wordpress\/","title":{"rendered":"Startseite"},"content":{"rendered":"<p>[vc_row full_width=&#8220;stretch_row&#8220; content_placement=&#8220;top&#8220;][vc_column][vc_single_image image=&#8220;484&#8243; img_size=&#8220;full&#8220;][\/vc_column][\/vc_row][vc_row full_width=&#8220;stretch_row&#8220;][vc_column width=&#8220;2\/3&#8243;][vc_column_text]<\/p>\n<h1><strong>\u201eAuf Wiedersehen\u201c!<\/strong><\/h1>\n<p>[\/vc_column_text][vc_column_text]<strong>Liebe Patientinnen, liebe Patienten,<\/strong><\/p>\n<p>nach 51 Jahren in meiner eigenen Praxis ist f\u00fcr mich die Zeit gekommen, meine zahn\u00e4rztlichen Instrumente ruhen zu lassen. Ich verabschiede mich zum 1. Mai 2026 in den Ruhestand.<\/p>\n<p>Ich danke Ihnen von Herzen f\u00fcr Ihre \u2013 oft jahre- und jahrzehntelange \u2013 Treue und das gro\u00dfe Vertrauen, das Sie mir und meinem Team entgegengebracht haben. Es war uns stets eine Freude und Ehre, Sie zahn\u00e4rztlich zu betreuen. Neben der medizinischen Versorgung waren es immer auch die pers\u00f6nlichen Begegnungen, die unsere Arbeit ausgemacht haben. Das werden wir sehr vermissen und der Abschied f\u00e4llt schwer.<\/p>\n<p><strong>Umso mehr freue ich mich, die ideale Nachfolgerin gefunden zu haben: Frau Dominique Droste.<\/strong><\/p>\n<p>In den kommenden Wochen bleibt die Praxis im Zuge einiger Modernisierungsma\u00dfnahmen geschlossen, wird aber bald wieder er\u00f6ffnet. Ab dann stehen Ihnen Frau Droste und ihr Team kompetent und vertrauensvoll zur Seite, und wir hoffen, dass Sie der Zahnarztpraxis am H\u00fcstener Markt 3 als Patientin \/ Patient erhalten bleiben. Ich w\u00fcnsche Frau Droste einen erfolgreichen Start und bin dankbar, unsere Praxis in so gute H\u00e4nde \u00fcbergeben zu d\u00fcrfen.<\/p>\n<p>Auch meinen langj\u00e4hrigen Helferinnen sage ich von ganzem Herzen DANKE! Auf Euch war immer zu 100% Verlass. Ihr habt immer 100% gegeben \u2013 nicht selten mehr. Ihr wart fachlich eine gro\u00dfartige Unterst\u00fctzung und menschlich ein wundervolles Team!<\/p>\n<p>Insbesondere meiner lieben Frau Birgit, die Sie als Patienten empfangen hat, und die mir stets in jeder Situation den R\u00fccken gest\u00e4rkt und freigehalten hat, kann ich nicht genug danken.<\/p>\n<p>Ihnen und Euch allen w\u00fcnsche ich alles erdenklich Gute \u2013 vor allem Gesundheit<\/p>\n<p><strong>Ihr \/ Euer<br \/>\n<\/strong><strong>Dr. Heiner Jacoby<\/strong>[\/vc_column_text][vc_empty_space][\/vc_column][vc_column width=&#8220;1\/3&#8243;][vc_empty_space][vc_column_text]<strong>\u00d6ffnungszeiten:<\/strong>[\/vc_column_text][vc_column_text el_class=&#8220;tabelle-oeffnungszeiten-responsive&#8220; css=&#8220;.vc_custom_1625747590645{background-color: #9f9379 !important;}&#8220;]<\/p>\n<div class=\"table\">\n<div class=\"table-row\">\n<div class=\"table-cell\">Mo<\/div>\n<div class=\"table-cell\">08:30 &#8211; 12:00 Uhr, 14:00 &#8211; 17:00 Uhr<\/div>\n<\/div>\n<div class=\"table-row\">\n<div class=\"table-cell\">Di<\/div>\n<div class=\"table-cell\">08:30 &#8211; 12:00 Uhr, 14:00 &#8211; 17:30 Uhr<\/div>\n<\/div>\n<div class=\"table-row\">\n<div class=\"table-cell\">Mi<\/div>\n<div class=\"table-cell\">08:30 &#8211; 12:00 Uhr<\/div>\n<\/div>\n<div class=\"table-row\">\n<div class=\"table-cell\">Do<\/div>\n<div class=\"table-cell\">08:30 &#8211; 12:00 Uhr, 14:00 &#8211; 18:00 Uhr<\/div>\n<\/div>\n<div class=\"table-row\">\n<div class=\"table-cell\">Fr<\/div>\n<div class=\"table-cell\">08:30 &#8211; 12:00 Uhr<\/div>\n<\/div>\n<\/div>\n<p>[\/vc_column_text][vc_column_text]<strong>Kontakt:<\/strong>[\/vc_column_text][vc_column_text el_class=&#8220;tabelle-kontakt&#8220; css=&#8220;.vc_custom_1675354077581{background-color: #9f9379 !important;}&#8220;]<strong>Dr. med. dent. Heiner Jacoby<\/strong><\/p>\n<p>H\u00fcstener Markt 3<br \/>\n59759 Arnsberg<\/p>\n<p>Tel: 02932 \/ 32032<br \/>\nFax: 02932 \/ 39851<br \/>\nE-Mail:\u00a0<a href=\"mailto:praxis@dr-jacoby.de\">praxis(at)dr-jacoby.de<\/a>[\/vc_column_text][\/vc_column][\/vc_row]<\/p>\n","protected":false},"excerpt":{"rendered":"<p>[vc_row full_width=&#8220;stretch_row&#8220; content_placement=&#8220;top&#8220;][vc_column][vc_single_image image=&#8220;484&#8243; img_size=&#8220;full&#8220;][\/vc_column][\/vc_row][vc_row full_width=&#8220;stretch_row&#8220;][vc_column width=&#8220;2\/3&#8243;][vc_column_text] \u201eAuf Wiedersehen\u201c! [\/vc_column_text][vc_column_text]Liebe Patientinnen, liebe Patienten, nach 51 Jahren in meiner eigenen Praxis ist f\u00fcr mich die Zeit&#8230;<\/p>\n<div class=\"more-link-wrapper\"><a class=\"more-link\" href=\"https:\/\/dr-jacoby.de\/wordpress\/\">Continue Reading<span class=\"screen-reader-text\">Startseite<\/span><\/a><\/div>\n","protected":false},"author":1,"featured_media":0,"parent":0,"menu_order":0,"comment_status":"closed","ping_status":"closed","template":"","meta":{"footnotes":""},"class_list":["post-2","page","type-page","status-publish","hentry","entry"],"_links":{"self":[{"href":"https:\/\/dr-jacoby.de\/wordpress\/wp-json\/wp\/v2\/pages\/2","targetHints":{"allow":["GET"]}}],"collection":[{"href":"https:\/\/dr-jacoby.de\/wordpress\/wp-json\/wp\/v2\/pages"}],"about":[{"href":"https:\/\/dr-jacoby.de\/wordpress\/wp-json\/wp\/v2\/types\/page"}],"author":[{"embeddable":true,"href":"https:\/\/dr-jacoby.de\/wordpress\/wp-json\/wp\/v2\/users\/1"}],"replies":[{"embeddable":true,"href":"https:\/\/dr-jacoby.de\/wordpress\/wp-json\/wp\/v2\/comments?post=2"}],"version-history":[{"count":106,"href":"https:\/\/dr-jacoby.de\/wordpress\/wp-json\/wp\/v2\/pages\/2\/revisions"}],"predecessor-version":[{"id":715,"href":"https:\/\/dr-jacoby.de\/wordpress\/wp-json\/wp\/v2\/pages\/2\/revisions\/715"}],"wp:attachment":[{"href":"https:\/\/dr-jacoby.de\/wordpress\/wp-json\/wp\/v2\/media?parent=2"}],"curies":[{"name":"wp","href":"https:\/\/api.w.org\/{rel}","templated":true}]}}