{"id":100,"date":"2018-10-15T18:46:20","date_gmt":"2018-10-15T16:46:20","guid":{"rendered":"http:\/\/dr-jacoby.de\/wordpress\/?page_id=100"},"modified":"2019-09-06T21:48:02","modified_gmt":"2019-09-06T19:48:02","slug":"anfahrt","status":"publish","type":"page","link":"https:\/\/dr-jacoby.de\/wordpress\/anfahrt\/","title":{"rendered":"Anfahrt"},"content":{"rendered":"<p>[vc_row full_width=&#8220;stretch_row&#8220;][vc_column][vc_single_image image=&#8220;488&#8243; img_size=&#8220;full&#8220;][\/vc_column][\/vc_row][vc_row full_width=&#8220;stretch_row&#8220;][vc_column width=&#8220;2\/3&#8243;][vc_column_text]<\/p>\n<h1>Anfahrt<\/h1>\n<p>[\/vc_column_text][vc_column_text]Sie haben einen Termin bei uns oder wollen sich einfach mal unverbindlich unsere Praxis anschauen? So finden Sie zu uns nach Arnsberg-H\u00fcsten:<\/p>\n<p><strong>Auto<\/strong><\/p>\n<p>Wenn Sie mit dem Auto \u00fcber die A 46 kommen, nehmen Sie die Ausfahrt 64 nach H\u00fcsten. Dann sind es nur noch anderthalb Kilometer bis zum H\u00fcstener Markt.<\/p>\n<p><strong>Zug<\/strong><\/p>\n<p>Falls Sie per Bahn anreisen, steigen Sie am Bahnhof Neheim-H\u00fcsten aus. Von dort aus ist unsere Praxis nur zwei Kilometer entfernt. Sie k\u00f6nnen sie \u00fcber die Kleinbahnstra\u00dfe und die Marktstra\u00dfe zu Fu\u00df erreichen.<\/p>\n<p><strong>Bus<br \/>\n<\/strong><\/p>\n<p>Vom Bus-Bahnhof sowie Bahnhof Neheim-H\u00fcsten fahren regelm\u00e4\u00dfig Busse zur Haltestelle H\u00fcstener Markt direkt vor unserer Praxis. Hier finden Sie die Fahrpl\u00e4ne der Linien <a href=\"https:\/\/www.rlg-online.de\/upload\/pdf\/28\/21056795-C1-Arnsberg-09.12.2018.pdf\" target=\"_blank\" rel=\"noopener\">C1<\/a>, <a href=\"https:\/\/www.rlg-online.de\/upload\/pdf\/34\/21056837-C6-Arnsberg-09.12.2018.pdf\" target=\"_blank\" rel=\"noopener\">C6<\/a> und <a href=\"https:\/\/www.rlg-online.de\/upload\/pdf\/37\/21056858-C9-Arnsberg-09.12.2018.pdf\" target=\"_blank\" rel=\"noopener\">C9<\/a>. Ihre genaue Fahrt k\u00f6nnen Sie <a href=\"https:\/\/www.rlg-online.de\/fahrtplaene-angebote\/fahrplanauskunft.php\" target=\"_blank\" rel=\"noopener\">hier<\/a> planen.<\/p>\n<p>Ihren individuellen Weg zu uns k\u00f6nnen Sie mithilfe von Google Maps ganz einfach planen. Klicken Sie dazu auf \u201eRoutenplaner\u201c und geben Sie Ihren Wohnort ein.[\/vc_column_text][vc_gmaps link=&#8220;#E-8_JTNDaWZyYW1lJTIwc3JjJTNEJTIyaHR0cHMlM0ElMkYlMkZ3d3cuZ29vZ2xlLmNvbSUyRm1hcHMlMkZlbWJlZCUzRnBiJTNEJTIxMW0xOCUyMTFtMTIlMjExbTMlMjExZDI0ODcuNjA2NDc5NzY5NTY2NyUyMTJkNy45OTI2NjQzMTU3NjcwOTMlMjEzZDUxLjQyODY1NTA3OTYyMjMxJTIxMm0zJTIxMWYwJTIxMmYwJTIxM2YwJTIxM20yJTIxMWkxMDI0JTIxMmk3NjglMjE0ZjEzLjElMjEzbTMlMjExbTIlMjExczB4NDdiOTYwYjY5MmVlYzBlYiUyNTNBMHg0NjM2ZWM1ODgyYjY2MTFiJTIxMnNIJTI1QzMlMjVCQ3N0ZW5lciUyQk1hcmt0JTJCMyUyNTJDJTJCNTk3NTklMkJBcm5zYmVyZyUyMTVlMCUyMTNtMiUyMTFzZGUlMjEyc2RlJTIxNHYxNTM5NjIxOTU0NDIyJTIyJTIwd2lkdGglM0QlMjIxMDAlMjUlMjIlMjBoZWlnaHQlM0QlMjI0NTAlMjIlMjBmcmFtZWJvcmRlciUzRCUyMjAlMjIlMjBzdHlsZSUzRCUyMmJvcmRlciUzQTAlMjIlMjBhbGxvd2Z1bGxzY3JlZW4lM0UlM0MlMkZpZnJhbWUlM0U=&#8220;][\/vc_column][vc_column width=&#8220;1\/3&#8243;][vc_empty_space][vc_column_text css=&#8220;.vc_custom_1567540003178{background-color: #9f9379 !important;}&#8220; el_class=&#8220;tabelle-kontakt&#8220;]<strong>Dr. med. dent. Heiner Jacoby<\/strong><\/p>\n<p>H\u00fcstener Markt 3<br \/>\n59759 Arnsberg<\/p>\n<p>Tel: 02932 \/ 32032<br \/>\nFax: 02932 \/ 39851<br \/>\nE-Mail:\u00a0<a href=\"mailto:praxis@dr-jacoby.de\">praxis(at)dr-jacoby.de<\/a>[\/vc_column_text][\/vc_column][\/vc_row]<\/p>\n","protected":false},"excerpt":{"rendered":"<p>[vc_row full_width=&#8220;stretch_row&#8220;][vc_column][vc_single_image image=&#8220;488&#8243; img_size=&#8220;full&#8220;][\/vc_column][\/vc_row][vc_row full_width=&#8220;stretch_row&#8220;][vc_column width=&#8220;2\/3&#8243;][vc_column_text] Anfahrt [\/vc_column_text][vc_column_text]Sie haben einen Termin bei uns oder wollen sich einfach mal unverbindlich unsere Praxis anschauen? So finden Sie&#8230;<\/p>\n<div class=\"more-link-wrapper\"><a class=\"more-link\" href=\"https:\/\/dr-jacoby.de\/wordpress\/anfahrt\/\">Continue Reading<span class=\"screen-reader-text\">Anfahrt<\/span><\/a><\/div>\n","protected":false},"author":1,"featured_media":0,"parent":0,"menu_order":0,"comment_status":"closed","ping_status":"closed","template":"","meta":{"footnotes":""},"class_list":["post-100","page","type-page","status-publish","hentry","entry"],"_links":{"self":[{"href":"https:\/\/dr-jacoby.de\/wordpress\/wp-json\/wp\/v2\/pages\/100","targetHints":{"allow":["GET"]}}],"collection":[{"href":"https:\/\/dr-jacoby.de\/wordpress\/wp-json\/wp\/v2\/pages"}],"about":[{"href":"https:\/\/dr-jacoby.de\/wordpress\/wp-json\/wp\/v2\/types\/page"}],"author":[{"embeddable":true,"href":"https:\/\/dr-jacoby.de\/wordpress\/wp-json\/wp\/v2\/users\/1"}],"replies":[{"embeddable":true,"href":"https:\/\/dr-jacoby.de\/wordpress\/wp-json\/wp\/v2\/comments?post=100"}],"version-history":[{"count":16,"href":"https:\/\/dr-jacoby.de\/wordpress\/wp-json\/wp\/v2\/pages\/100\/revisions"}],"predecessor-version":[{"id":507,"href":"https:\/\/dr-jacoby.de\/wordpress\/wp-json\/wp\/v2\/pages\/100\/revisions\/507"}],"wp:attachment":[{"href":"https:\/\/dr-jacoby.de\/wordpress\/wp-json\/wp\/v2\/media?parent=100"}],"curies":[{"name":"wp","href":"https:\/\/api.w.org\/{rel}","templated":true}]}}